{"id":5616,"date":"2024-12-17T12:48:30","date_gmt":"2024-12-17T15:48:30","guid":{"rendered":"https:\/\/salmon-festival.com\/contact\/citoyenne-de-lannee\/"},"modified":"2024-12-17T12:48:32","modified_gmt":"2024-12-17T15:48:32","slug":"citoyenne-de-lannee","status":"publish","type":"page","link":"https:\/\/www.salmon-festival.com\/fr\/contact\/citoyenne-de-lannee\/","title":{"rendered":"Citoyen(ne) de l&rsquo;ann\u00e9e"},"content":{"rendered":"\t\t<div data-elementor-type=\"wp-page\" data-elementor-id=\"5616\" class=\"elementor elementor-5616 elementor-5604\" data-elementor-post-type=\"page\">\n\t\t\t\t<div data-dce-background-overlay-color=\"#34AFED\" data-dce-background-image-url=\"https:\/\/salmon-festival.com\/wp-content\/uploads\/2024\/04\/campbellton.webp\" class=\"elementor-element elementor-element-11c5290 margin-140 e-flex e-con-boxed e-con e-parent\" data-id=\"11c5290\" data-element_type=\"container\" data-e-type=\"container\" data-settings=\"{&quot;background_background&quot;:&quot;classic&quot;}\">\n\t\t\t\t\t<div class=\"e-con-inner\">\n\t\t<div class=\"elementor-element elementor-element-3a434d4 e-con-full e-flex e-con e-child\" data-id=\"3a434d4\" data-element_type=\"container\" data-e-type=\"container\">\n\t\t\t\t<div class=\"elementor-element elementor-element-6dd9348 elementor-widget__width-initial elementor-widget elementor-widget-image\" data-id=\"6dd9348\" data-element_type=\"widget\" data-e-type=\"widget\" data-widget_type=\"image.default\">\n\t\t\t\t<div class=\"elementor-widget-container\">\n\t\t\t\t\t\t\t\t\t\t\t\t\t\t\t<img fetchpriority=\"high\" decoding=\"async\" width=\"800\" height=\"676\" src=\"https:\/\/i0.wp.com\/salmon-festival.com\/wp-content\/uploads\/2024\/04\/logo2024.png?fit=800%2C676\" class=\"attachment-large size-large wp-image-3508\" alt=\"\" srcset=\"https:\/\/i0.wp.com\/salmon-festival.com\/wp-content\/uploads\/2024\/04\/logo2024.png?w=1356 1356w, https:\/\/i0.wp.com\/salmon-festival.com\/wp-content\/uploads\/2024\/04\/logo2024.png?resize=300%2C253 300w, https:\/\/i0.wp.com\/salmon-festival.com\/wp-content\/uploads\/2024\/04\/logo2024.png?resize=1024%2C865 1024w, https:\/\/i0.wp.com\/salmon-festival.com\/wp-content\/uploads\/2024\/04\/logo2024.png?resize=768%2C648 768w\" sizes=\"(max-width: 800px) 100vw, 800px\" \/>\t\t\t\t\t\t\t\t\t\t\t\t\t\t\t<\/div>\n\t\t\t\t<\/div>\n\t\t\t\t<\/div>\n\t\t<div class=\"elementor-element elementor-element-48e26a3 e-con-full e-flex e-con e-child\" data-id=\"48e26a3\" data-element_type=\"container\" data-e-type=\"container\">\n\t\t\t\t<\/div>\n\t\t\t\t\t<\/div>\n\t\t\t\t<\/div>\n\t\t<div class=\"elementor-element elementor-element-7ae2251 margin-140 e-flex e-con-boxed e-con e-parent\" data-id=\"7ae2251\" data-element_type=\"container\" data-e-type=\"container\">\n\t\t\t\t\t<div class=\"e-con-inner\">\n\t\t\t\t<div class=\"elementor-element elementor-element-ce6aa4c elementor-widget elementor-widget-breadcrumbs\" data-id=\"ce6aa4c\" data-element_type=\"widget\" data-e-type=\"widget\" data-widget_type=\"breadcrumbs.default\">\n\t\t\t\t<div class=\"elementor-widget-container\">\n\t\t\t\t\t<p id=\"breadcrumbs\"><span><span><a href=\"https:\/\/salmon-festival.com\/fr\/\">Accueil<\/a><\/span><\/span><\/p>\t\t\t\t<\/div>\n\t\t\t\t<\/div>\n\t\t\t\t\t<\/div>\n\t\t\t\t<\/div>\n\t\t<div class=\"elementor-element elementor-element-32c0ca1 margin-300 e-flex e-con-boxed e-con e-parent\" data-id=\"32c0ca1\" data-element_type=\"container\" data-e-type=\"container\">\n\t\t\t\t\t<div class=\"e-con-inner\">\n\t\t\t\t<div class=\"elementor-element elementor-element-13e0738 elementor-widget elementor-widget-heading\" data-id=\"13e0738\" data-element_type=\"widget\" data-e-type=\"widget\" data-widget_type=\"heading.default\">\n\t\t\t\t<div class=\"elementor-widget-container\">\n\t\t\t\t\t<h2 class=\"elementor-heading-title elementor-size-default\">Citoyen(ne) de l'ann\u00e9e<\/h2>\t\t\t\t<\/div>\n\t\t\t\t<\/div>\n\t\t\t\t<div class=\"elementor-element elementor-element-b8f3353 elementor-widget elementor-widget-text-editor\" data-id=\"b8f3353\" data-element_type=\"widget\" data-e-type=\"widget\" data-widget_type=\"text-editor.default\">\n\t\t\t\t<div class=\"elementor-widget-container\">\n\t\t\t\t\t\t\t\t\t<style id=\"wpforms-css-vars-4825\">\n\t\t\t\t#wpforms-4825 {\n\t\t\t\t\n\t\t\t}\n\t\t\t<\/style><div class=\"wpforms-container wpforms-container-full wpforms-render-modern\" id=\"wpforms-4825\"><form id=\"wpforms-form-4825\" class=\"wpforms-validate wpforms-form wpforms-ajax-form\" data-formid=\"4825\" method=\"post\" enctype=\"multipart\/form-data\" action=\"\/fr\/wp-json\/wp\/v2\/pages\/5616?wpforms_form_id=4825\" data-token=\"09f642e54be971109a0c6538c3941fce\" data-token-time=\"1776282062\"><noscript class=\"wpforms-error-noscript\">Veuillez activer JavaScript dans votre navigateur pour remplir ce formulaire.<\/noscript><div id=\"wpforms-error-noscript\" style=\"display: none;\">Veuillez activer JavaScript dans votre navigateur pour remplir ce formulaire.<\/div><div class=\"wpforms-field-container\"><div id=\"wpforms-4825-field_16-container\" class=\"wpforms-field wpforms-field-html\" data-field-id=\"16\"><div id=\"wpforms-4825-field_16\" aria-errormessage=\"wpforms-4825-field_16-error\"> <p>Les informations suivantes doivent \u00eatre compl\u00e9t\u00e9es avec pr\u00e9cision. Le comit\u00e9 de s\u00e9lection v\u00e9rifiera toutes les candidatures pour s&rsquo;assurer que les faits sont exacts.<\/p>\n<\/div><\/div><div id=\"wpforms-4825-field_1-container\" class=\"wpforms-field wpforms-field-name\" data-field-id=\"1\"><fieldset><legend class=\"wpforms-field-label\">Nom du (de la) candidat(e) <span class=\"wpforms-required-label\" aria-hidden=\"true\">*<\/span><\/legend><div class=\"wpforms-field-row wpforms-field-medium\"><div class=\"wpforms-field-row-block wpforms-first wpforms-one-half\"><input type=\"text\" id=\"wpforms-4825-field_1\" class=\"wpforms-field-name-first wpforms-field-required\" name=\"wpforms[fields][1][first]\" aria-errormessage=\"wpforms-4825-field_1-error\" required><label for=\"wpforms-4825-field_1\" class=\"wpforms-field-sublabel after\">Pr\u00e9nom<\/label><\/div><div class=\"wpforms-field-row-block wpforms-one-half\"><input type=\"text\" id=\"wpforms-4825-field_1-last\" class=\"wpforms-field-name-last wpforms-field-required\" name=\"wpforms[fields][1][last]\" aria-errormessage=\"wpforms-4825-field_1-last-error\" required><label for=\"wpforms-4825-field_1-last\" class=\"wpforms-field-sublabel after\">Nom<\/label><\/div><\/div><\/fieldset><\/div><div id=\"wpforms-4825-field_9-container\" class=\"wpforms-field wpforms-field-text\" data-field-id=\"9\"><label class=\"wpforms-field-label\" for=\"wpforms-4825-field_9\">Adresse<\/label><input type=\"text\" id=\"wpforms-4825-field_9\" class=\"wpforms-field-medium\" name=\"wpforms[fields][9]\" aria-errormessage=\"wpforms-4825-field_9-error\" ><\/div><div id=\"wpforms-4825-field_12-container\" class=\"wpforms-field wpforms-field-layout\" data-field-id=\"12\"><div class=\"wpforms-field-layout-rows wpforms-field-large\"><div class=\"wpforms-layout-row\"><div class=\"wpforms-layout-column wpforms-layout-column-50\"><div id=\"wpforms-4825-field_10-container\" class=\"wpforms-field wpforms-field-phone\" data-field-id=\"10\"><label class=\"wpforms-field-label\" for=\"wpforms-4825-field_10\">T\u00e9l. (Maison)<\/label><input type=\"tel\" id=\"wpforms-4825-field_10\" class=\"wpforms-field-medium wpforms-smart-phone-field\" data-rule-smart-phone-field=\"true\" name=\"wpforms[fields][10]\" aria-label=\"T\u00e9l. (Maison)\" aria-errormessage=\"wpforms-4825-field_10-error\" ><\/div><\/div><div class=\"wpforms-layout-column wpforms-layout-column-50\"><div id=\"wpforms-4825-field_11-container\" class=\"wpforms-field wpforms-field-phone\" data-field-id=\"11\"><label class=\"wpforms-field-label\" for=\"wpforms-4825-field_11\">T\u00e9l. (Entreprise)<\/label><input type=\"tel\" id=\"wpforms-4825-field_11\" class=\"wpforms-field-medium wpforms-smart-phone-field\" data-rule-smart-phone-field=\"true\" name=\"wpforms[fields][11]\" aria-label=\"T\u00e9l. (Entreprise)\" aria-errormessage=\"wpforms-4825-field_11-error\" ><\/div><\/div><\/div><\/div><\/div><div id=\"wpforms-4825-field_22-container\" class=\"wpforms-field wpforms-field-html\" data-field-id=\"22\"><div id=\"wpforms-4825-field_22\" aria-errormessage=\"wpforms-4825-field_22-error\"><p>Veuillez fournir :<\/p>\n<ul>\n<li>Articles de journaux, se r\u00e9f\u00e9rant sp\u00e9cifiquement \u00e0 la personne d\u00e9sign\u00e9e (peuvent provenir d&rsquo;une biblioth\u00e8que, archive publique et bureau de r\u00e9daction).<\/li>\n<li>Lettre(s) \u00e0 l&rsquo;appui de votre candidature.<\/li>\n <li>Tout autre \u00e9l\u00e9ment que vous jugez important.<\/li>\n<\/ul>\n<\/div><\/div><div id=\"wpforms-4825-field_24-container\" class=\"wpforms-field wpforms-field-file-upload\" data-field-id=\"24\"><label class=\"wpforms-field-label\" for=\"wpforms-4825-field_24\">T\u00e9l\u00e9chargement de fichiers<\/label><div\n\t\tclass=\"wpforms-uploader \"\n\t\tdata-field-id=\"24\"\n\t\tdata-form-id=\"4825\"\n\t\tdata-input-name=\"wpforms_4825_24\"\n\t\tdata-extensions=\"pdf,jpg,doc,txt\"\n\t\tdata-max-size=\"5242880\"\n\t\tdata-max-file-number=\"3\"\n\t\tdata-post-max-size=\"134217728\"\n\t\tdata-max-parallel-uploads=\"4\"\n\t\tdata-parallel-uploads=\"true\"\n\t\tdata-file-chunk-size=\"2097152\">\n\t<div class=\"dz-message\">\n\t\t<svg  viewBox=\"0 0 640 640\" focusable=\"false\" data-icon=\"inbox\" width=\"50px\" height=\"50px\" fill=\"currentColor\" aria-hidden=\"true\">\n\t\t\t<path d=\"M352 173.3L352 384C352 401.7 337.7 416 320 416C302.3 416 288 401.7 288 384L288 173.3L246.6 214.7C234.1 227.2 213.8 227.2 201.3 214.7C188.8 202.2 188.8 181.9 201.3 169.4L297.3 73.4C309.8 60.9 330.1 60.9 342.6 73.4L438.6 169.4C451.1 181.9 451.1 202.2 438.6 214.7C426.1 227.2 405.8 227.2 393.3 214.7L352 173.3zM320 464C364.2 464 400 428.2 400 384L480 384C515.3 384 544 412.7 544 448L544 480C544 515.3 515.3 544 480 544L160 544C124.7 544 96 515.3 96 480L96 448C96 412.7 124.7 384 160 384L240 384C240 428.2 275.8 464 320 464zM464 488C477.3 488 488 477.3 488 464C488 450.7 477.3 440 464 440C450.7 440 440 450.7 440 464C440 477.3 450.7 488 464 488z\"\/>\n\t\t<\/svg>\n\n\t\t<span class=\"modern-title\">\n\t\t\t\t\t\t\tDrag &amp; Drop Files, \t\t\t\t<span>Choose Files to Upload<\/span>\n\t\t\t\t\t<\/span>\n\n\t\t\t\t\t<span class=\"modern-hint\">Vous pouvez t\u00e9l\u00e9verser jusqu\u2019\u00e0 3 fichiers.<\/span>\n\t\t\t<\/div>\n<\/div>\n\n<input\n\t\ttype=\"text\"\n\t\tautocomplete=\"off\"\n\t\treadonly\n\t\tclass=\"dropzone-input\"\n\t\tstyle=\"position:absolute!important;clip:rect(0,0,0,0)!important;height:1px!important;width:1px!important;border:0!important;overflow:hidden!important;padding:0!important;margin:0!important;\"\n\t\tid=\"wpforms-4825-field_24\"\n\t\tname=\"wpforms_4825_24\" \t\tvalue=\"\">\n<\/div><div id=\"wpforms-4825-field_25-container\" class=\"wpforms-field wpforms-field-textarea\" data-field-id=\"25\"><label class=\"wpforms-field-label\" for=\"wpforms-4825-field_25\">Commentaires<\/label><textarea id=\"wpforms-4825-field_25\" class=\"wpforms-field-medium\" name=\"wpforms[fields][25]\" aria-errormessage=\"wpforms-4825-field_25-error\" aria-describedby=\"wpforms-4825-field_25-description\" ><\/textarea><div id=\"wpforms-4825-field_25-description\" class=\"wpforms-field-description\"><p>Veuillez \u00e9num\u00e9rer les raisons vous portant \u00e0 croire que cette personne devrait \u00eatre citoyen(ne) de l&rsquo;ann\u00e9e. (Soyez sp\u00e9cifique et indiquez : les prix\/accomplissements personnels, engagement au niveau communautaire et toute autre information que vous consid\u00e9rez pertinents \u00e0 la nomination)<\/p><\/div><\/div><div id=\"wpforms-4825-field_17-container\" class=\"wpforms-field wpforms-field-text\" data-field-id=\"17\"><label class=\"wpforms-field-label\" for=\"wpforms-4825-field_17\">Nom de la personne faisant la nomination<\/label><input type=\"text\" id=\"wpforms-4825-field_17\" class=\"wpforms-field-medium\" name=\"wpforms[fields][17]\" aria-errormessage=\"wpforms-4825-field_17-error\" ><\/div><div id=\"wpforms-4825-field_8-container\" class=\"wpforms-field wpforms-field-email\" data-field-id=\"8\"><label class=\"wpforms-field-label\" for=\"wpforms-4825-field_8\">Courriel <span class=\"wpforms-required-label\" aria-hidden=\"true\">*<\/span><\/label><input type=\"email\" id=\"wpforms-4825-field_8\" class=\"wpforms-field-medium wpforms-field-required\" name=\"wpforms[fields][8]\" spellcheck=\"false\" aria-errormessage=\"wpforms-4825-field_8-error\" required><\/div><div id=\"wpforms-4825-field_18-container\" class=\"wpforms-field wpforms-field-text\" data-field-id=\"18\"><label class=\"wpforms-field-label\" for=\"wpforms-4825-field_18\">Adresse<\/label><input type=\"text\" id=\"wpforms-4825-field_18\" class=\"wpforms-field-medium\" name=\"wpforms[fields][18]\" aria-errormessage=\"wpforms-4825-field_18-error\" ><\/div><div id=\"wpforms-4825-field_19-container\" class=\"wpforms-field wpforms-field-layout\" data-field-id=\"19\"><div class=\"wpforms-field-layout-rows wpforms-field-large\"><div class=\"wpforms-layout-row\"><div class=\"wpforms-layout-column wpforms-layout-column-50\"><div id=\"wpforms-4825-field_20-container\" class=\"wpforms-field wpforms-field-phone\" data-field-id=\"20\"><label class=\"wpforms-field-label\" for=\"wpforms-4825-field_20\">T\u00e9l.<\/label><input type=\"tel\" id=\"wpforms-4825-field_20\" class=\"wpforms-field-medium wpforms-smart-phone-field\" data-rule-smart-phone-field=\"true\" name=\"wpforms[fields][20]\" aria-label=\"T\u00e9l.\" aria-errormessage=\"wpforms-4825-field_20-error\" ><\/div><\/div><div class=\"wpforms-layout-column wpforms-layout-column-50\"><\/div><\/div><\/div><\/div><\/div><!-- .wpforms-field-container --><div class=\"wpforms-recaptcha-container wpforms-is-recaptcha wpforms-is-recaptcha-type-v3\" ><input type=\"hidden\" name=\"wpforms[recaptcha]\" value=\"\"><\/div><div class=\"wpforms-submit-container\" ><input type=\"hidden\" name=\"wpforms[id]\" value=\"4825\"><input type=\"hidden\" name=\"page_title\" value=\"\"><input type=\"hidden\" name=\"page_url\" value=\"https:\/\/www.salmon-festival.com\/fr\/wp-json\/wp\/v2\/pages\/5616\"><input type=\"hidden\" name=\"url_referer\" value=\"\"><button type=\"submit\" name=\"wpforms[submit]\" id=\"wpforms-submit-4825\" class=\"wpforms-submit\" data-alt-text=\"Envoi...\" data-submit-text=\"Soumettre\" aria-live=\"assertive\" value=\"wpforms-submit\">Soumettre<\/button><img decoding=\"async\" src=\"https:\/\/www.salmon-festival.com\/wp-content\/plugins\/wpforms\/assets\/images\/submit-spin.svg\" class=\"wpforms-submit-spinner\" style=\"display: none;\" width=\"26\" height=\"26\" alt=\"Chargement en cours\"><\/div><\/form><\/div>  <!-- .wpforms-container -->\n\t\t\t\t\t\t\t\t<\/div>\n\t\t\t\t<\/div>\n\t\t\t\t\t<\/div>\n\t\t\t\t<\/div>\n\t\t\t\t<\/div>\n\t\t","protected":false},"excerpt":{"rendered":"<p>Citoyen(ne) de l&rsquo;ann\u00e9e<\/p>\n","protected":false},"author":4,"featured_media":0,"parent":4291,"menu_order":0,"comment_status":"closed","ping_status":"closed","template":"","meta":{"_acf_changed":false,"ngg_post_thumbnail":0,"footnotes":"","_links_to":"","_links_to_target":""},"class_list":["post-5616","page","type-page","status-publish","hentry"],"acf":[],"jetpack_sharing_enabled":true,"_links":{"self":[{"href":"https:\/\/www.salmon-festival.com\/fr\/wp-json\/wp\/v2\/pages\/5616","targetHints":{"allow":["GET"]}}],"collection":[{"href":"https:\/\/www.salmon-festival.com\/fr\/wp-json\/wp\/v2\/pages"}],"about":[{"href":"https:\/\/www.salmon-festival.com\/fr\/wp-json\/wp\/v2\/types\/page"}],"author":[{"embeddable":true,"href":"https:\/\/www.salmon-festival.com\/fr\/wp-json\/wp\/v2\/users\/4"}],"replies":[{"embeddable":true,"href":"https:\/\/www.salmon-festival.com\/fr\/wp-json\/wp\/v2\/comments?post=5616"}],"version-history":[{"count":1,"href":"https:\/\/www.salmon-festival.com\/fr\/wp-json\/wp\/v2\/pages\/5616\/revisions"}],"predecessor-version":[{"id":5617,"href":"https:\/\/www.salmon-festival.com\/fr\/wp-json\/wp\/v2\/pages\/5616\/revisions\/5617"}],"up":[{"embeddable":true,"href":"https:\/\/www.salmon-festival.com\/fr\/wp-json\/wp\/v2\/pages\/4291"}],"wp:attachment":[{"href":"https:\/\/www.salmon-festival.com\/fr\/wp-json\/wp\/v2\/media?parent=5616"}],"curies":[{"name":"wp","href":"https:\/\/api.w.org\/{rel}","templated":true}]}}