{"id":5522,"date":"2024-12-12T23:39:07","date_gmt":"2024-12-13T02:39:07","guid":{"rendered":"https:\/\/salmon-festival.com\/contact\/enquete-inscription-au-defile\/"},"modified":"2024-12-12T23:42:35","modified_gmt":"2024-12-13T02:42:35","slug":"enquete-inscription-au-defile","status":"publish","type":"page","link":"http:\/\/www.salmon-festival.com\/fr\/contact\/enquete-inscription-au-defile\/","title":{"rendered":"Formulaire d&rsquo;inscription au d\u00e9fil\u00e9"},"content":{"rendered":"\t\t<div data-elementor-type=\"wp-page\" data-elementor-id=\"5522\" class=\"elementor elementor-5522 elementor-5493\" data-elementor-post-type=\"page\">\n\t\t\t\t<div data-dce-background-overlay-color=\"#34AFED\" data-dce-background-image-url=\"https:\/\/salmon-festival.com\/wp-content\/uploads\/2024\/04\/campbellton.webp\" class=\"elementor-element elementor-element-11c5290 margin-140 e-flex e-con-boxed e-con e-parent\" data-id=\"11c5290\" data-element_type=\"container\" data-e-type=\"container\" data-settings=\"{&quot;background_background&quot;:&quot;classic&quot;}\">\n\t\t\t\t\t<div class=\"e-con-inner\">\n\t\t<div class=\"elementor-element elementor-element-3a434d4 e-con-full e-flex e-con e-child\" data-id=\"3a434d4\" data-element_type=\"container\" data-e-type=\"container\">\n\t\t\t\t<div class=\"elementor-element elementor-element-6dd9348 elementor-widget__width-initial elementor-widget elementor-widget-image\" data-id=\"6dd9348\" data-element_type=\"widget\" data-e-type=\"widget\" data-widget_type=\"image.default\">\n\t\t\t\t<div class=\"elementor-widget-container\">\n\t\t\t\t\t\t\t\t\t\t\t\t\t\t\t<img fetchpriority=\"high\" decoding=\"async\" width=\"800\" height=\"676\" src=\"https:\/\/i0.wp.com\/www.salmon-festival.com\/wp-content\/uploads\/2024\/04\/logo2024.png?fit=800%2C676&amp;ssl=1\" class=\"attachment-large size-large wp-image-3508\" alt=\"\" srcset=\"https:\/\/i0.wp.com\/www.salmon-festival.com\/wp-content\/uploads\/2024\/04\/logo2024.png?w=1356&amp;ssl=1 1356w, https:\/\/i0.wp.com\/www.salmon-festival.com\/wp-content\/uploads\/2024\/04\/logo2024.png?resize=300%2C253&amp;ssl=1 300w, https:\/\/i0.wp.com\/www.salmon-festival.com\/wp-content\/uploads\/2024\/04\/logo2024.png?resize=1024%2C865&amp;ssl=1 1024w, https:\/\/i0.wp.com\/www.salmon-festival.com\/wp-content\/uploads\/2024\/04\/logo2024.png?resize=768%2C648&amp;ssl=1 768w\" sizes=\"(max-width: 800px) 100vw, 800px\" \/>\t\t\t\t\t\t\t\t\t\t\t\t\t\t\t<\/div>\n\t\t\t\t<\/div>\n\t\t\t\t<\/div>\n\t\t<div class=\"elementor-element elementor-element-48e26a3 e-con-full e-flex e-con e-child\" data-id=\"48e26a3\" data-element_type=\"container\" data-e-type=\"container\">\n\t\t\t\t<\/div>\n\t\t\t\t\t<\/div>\n\t\t\t\t<\/div>\n\t\t<div class=\"elementor-element elementor-element-7ae2251 margin-140 e-flex e-con-boxed e-con e-parent\" data-id=\"7ae2251\" data-element_type=\"container\" data-e-type=\"container\">\n\t\t\t\t\t<div class=\"e-con-inner\">\n\t\t\t\t<div class=\"elementor-element elementor-element-ce6aa4c elementor-widget elementor-widget-breadcrumbs\" data-id=\"ce6aa4c\" data-element_type=\"widget\" data-e-type=\"widget\" data-widget_type=\"breadcrumbs.default\">\n\t\t\t\t<div class=\"elementor-widget-container\">\n\t\t\t\t\t<p id=\"breadcrumbs\"><span><span><a href=\"https:\/\/salmon-festival.com\/fr\/\">Accueil<\/a><\/span><\/span><\/p>\t\t\t\t<\/div>\n\t\t\t\t<\/div>\n\t\t\t\t\t<\/div>\n\t\t\t\t<\/div>\n\t\t<div data-dce-background-color=\"#FFFFFF\" class=\"elementor-element elementor-element-d17792e margin-140 e-flex e-con-boxed e-con e-parent\" data-id=\"d17792e\" data-element_type=\"container\" data-e-type=\"container\" data-settings=\"{&quot;background_background&quot;:&quot;classic&quot;}\">\n\t\t\t\t\t<div class=\"e-con-inner\">\n\t\t\t\t<div class=\"elementor-element elementor-element-10c1b43 elementor-widget elementor-widget-wpforms\" data-id=\"10c1b43\" data-element_type=\"widget\" data-e-type=\"widget\" data-widget_type=\"wpforms.default\">\n\t\t\t\t<div class=\"elementor-widget-container\">\n\t\t\t\t\t<div class=\"wpforms-container wpforms-container-full wpforms-render-modern\" id=\"wpforms-5449\"><form id=\"wpforms-form-5449\" class=\"wpforms-validate wpforms-form wpforms-ajax-form\" data-formid=\"5449\" method=\"post\" enctype=\"multipart\/form-data\" action=\"\/fr\/wp-json\/wp\/v2\/pages\/5522\" data-token=\"4c237a35ce884e32e0ab2bb0b1572033\" data-token-time=\"1777657774\"><noscript class=\"wpforms-error-noscript\">Veuillez activer JavaScript dans votre navigateur pour remplir ce formulaire.<\/noscript><div id=\"wpforms-error-noscript\" style=\"display: none;\">Veuillez activer JavaScript dans votre navigateur pour remplir ce formulaire.<\/div><div class=\"wpforms-field-container\">\t\t<div id=\"wpforms-5449-field_4-container\"\n\t\t\tclass=\"wpforms-field wpforms-field-text\"\n\t\t\tdata-field-type=\"text\"\n\t\t\tdata-field-id=\"4\"\n\t\t\t>\n\t\t\t<label class=\"wpforms-field-label\" for=\"wpforms-5449-field_4\" >Courriel Num\u00e9ro all\u00e9gorique<\/label>\n\t\t\t<input type=\"text\" id=\"wpforms-5449-field_4\" class=\"wpforms-field-medium\" name=\"wpforms[fields][4]\" >\n\t\t<\/div>\n\t\t<div id=\"wpforms-5449-field_1-container\" class=\"wpforms-field wpforms-field-html form-header-html\" data-field-id=\"1\"><div id=\"wpforms-5449-field_1\" aria-errormessage=\"wpforms-5449-field_1-error\"><h2>Inscription \u00e0 la parade<\/h2><\/div><\/div><div id=\"wpforms-5449-field_2-container\" class=\"wpforms-field wpforms-field-name\" data-field-id=\"2\"><label class=\"wpforms-field-label\" for=\"wpforms-5449-field_2\">Nom de l&#039;organisation\/entreprise <span class=\"wpforms-required-label\" aria-hidden=\"true\">*<\/span><\/label><input type=\"text\" id=\"wpforms-5449-field_2\" class=\"wpforms-field-medium wpforms-field-required\" name=\"wpforms[fields][2]\" aria-errormessage=\"wpforms-5449-field_2-error\" required><\/div><div id=\"wpforms-5449-field_19-container\" class=\"wpforms-field wpforms-field-name\" data-field-id=\"19\"><label class=\"wpforms-field-label\" for=\"wpforms-5449-field_19\">Personne-ressource <span class=\"wpforms-required-label\" aria-hidden=\"true\">*<\/span><\/label><input type=\"text\" id=\"wpforms-5449-field_19\" class=\"wpforms-field-medium wpforms-field-required\" name=\"wpforms[fields][19]\" aria-errormessage=\"wpforms-5449-field_19-error\" required><\/div><div id=\"wpforms-5449-field_5-container\" class=\"wpforms-field wpforms-field-phone\" data-field-id=\"5\"><label class=\"wpforms-field-label\" for=\"wpforms-5449-field_5\">Num\u00e9ro de t\u00e9l\u00e9phone<\/label><input type=\"tel\" id=\"wpforms-5449-field_5\" class=\"wpforms-field-medium\" data-rule-int-phone-field=\"true\" name=\"wpforms[fields][5]\" aria-label=\"Num\u00e9ro de t\u00e9l\u00e9phone\" aria-errormessage=\"wpforms-5449-field_5-error\" ><\/div><div id=\"wpforms-5449-field_3-container\" class=\"wpforms-field wpforms-field-email\" data-field-id=\"3\"><label class=\"wpforms-field-label\" for=\"wpforms-5449-field_3\">Courriel <span class=\"wpforms-required-label\" aria-hidden=\"true\">*<\/span><\/label><input type=\"email\" id=\"wpforms-5449-field_3\" class=\"wpforms-field-medium wpforms-field-required\" name=\"wpforms[fields][3]\" spellcheck=\"false\" aria-errormessage=\"wpforms-5449-field_3-error\" required><\/div><div id=\"wpforms-5449-field_9-container\" class=\"wpforms-field wpforms-field-html\" data-field-id=\"9\"><div id=\"wpforms-5449-field_9\" aria-errormessage=\"wpforms-5449-field_9-error\"><h3>Char all\u00e9gorique<\/h3><\/div><\/div><div id=\"wpforms-5449-field_7-container\" class=\"wpforms-field wpforms-field-checkbox\" data-field-id=\"7\"><fieldset><legend class=\"wpforms-field-label wpforms-label-hide\" aria-hidden=\"false\">Char all\u00e9gorique<\/legend><ul id=\"wpforms-5449-field_7\"><li class=\"choice-1 depth-1\"><input type=\"checkbox\" id=\"wpforms-5449-field_7_1\" name=\"wpforms[fields][7][]\" value=\"Commercial\" aria-errormessage=\"wpforms-5449-field_7_1-error\"  ><label class=\"wpforms-field-label-inline\" for=\"wpforms-5449-field_7_1\">Commercial<\/label><\/li><li class=\"choice-2 depth-1\"><input type=\"checkbox\" id=\"wpforms-5449-field_7_2\" name=\"wpforms[fields][7][]\" value=\"Non-commercial\" aria-errormessage=\"wpforms-5449-field_7_2-error\"  ><label class=\"wpforms-field-label-inline\" for=\"wpforms-5449-field_7_2\">Non-commercial<\/label><\/li><li class=\"choice-3 depth-1\"><input type=\"checkbox\" id=\"wpforms-5449-field_7_3\" name=\"wpforms[fields][7][]\" value=\"Mascotte\" aria-errormessage=\"wpforms-5449-field_7_3-error\"  ><label class=\"wpforms-field-label-inline\" for=\"wpforms-5449-field_7_3\">Mascotte<\/label><\/li><li class=\"choice-4 depth-1\"><input type=\"checkbox\" id=\"wpforms-5449-field_7_4\" name=\"wpforms[fields][7][]\" value=\"Sans mascotte\" aria-errormessage=\"wpforms-5449-field_7_4-error\"  ><label class=\"wpforms-field-label-inline\" for=\"wpforms-5449-field_7_4\">Sans mascotte<\/label><\/li><li class=\"choice-5 depth-1\"><input type=\"checkbox\" id=\"wpforms-5449-field_7_5\" name=\"wpforms[fields][7][]\" value=\"Avec musique\" aria-errormessage=\"wpforms-5449-field_7_5-error\"  ><label class=\"wpforms-field-label-inline\" for=\"wpforms-5449-field_7_5\">Avec musique<\/label><\/li><li class=\"choice-6 depth-1\"><input type=\"checkbox\" id=\"wpforms-5449-field_7_6\" name=\"wpforms[fields][7][]\" value=\"Sans musique\" aria-errormessage=\"wpforms-5449-field_7_6-error\"  ><label class=\"wpforms-field-label-inline\" for=\"wpforms-5449-field_7_6\">Sans musique<\/label><\/li><\/ul><\/fieldset><\/div><div id=\"wpforms-5449-field_20-container\" class=\"wpforms-field wpforms-field-textarea\" data-field-id=\"20\"><label class=\"wpforms-field-label\" for=\"wpforms-5449-field_20\">Description du char-all\u00e9gorique<\/label><textarea id=\"wpforms-5449-field_20\" class=\"wpforms-field-medium\" name=\"wpforms[fields][20]\" aria-errormessage=\"wpforms-5449-field_20-error\" ><\/textarea><\/div><div id=\"wpforms-5449-field_12-container\" class=\"wpforms-field wpforms-field-html\" data-field-id=\"12\"><div id=\"wpforms-5449-field_12\" aria-errormessage=\"wpforms-5449-field_12-error\"><h3>G\u00e9n\u00e9ral<\/h3><\/div><\/div><div id=\"wpforms-5449-field_13-container\" class=\"wpforms-field wpforms-field-checkbox\" data-field-id=\"13\"><fieldset><legend class=\"wpforms-field-label wpforms-label-hide\" aria-hidden=\"false\">G\u00e9n\u00e9ral<\/legend><ul id=\"wpforms-5449-field_13\"><li class=\"choice-1 depth-1\"><input type=\"checkbox\" id=\"wpforms-5449-field_13_1\" name=\"wpforms[fields][13][]\" value=\"Groupe de musique\" aria-errormessage=\"wpforms-5449-field_13_1-error\"  ><label class=\"wpforms-field-label-inline\" for=\"wpforms-5449-field_13_1\">Groupe de musique<\/label><\/li><li class=\"choice-2 depth-1\"><input type=\"checkbox\" id=\"wpforms-5449-field_13_2\" name=\"wpforms[fields][13][]\" value=\"Danse\" aria-errormessage=\"wpforms-5449-field_13_2-error\"  ><label class=\"wpforms-field-label-inline\" for=\"wpforms-5449-field_13_2\">Danse<\/label><\/li><li class=\"choice-3 depth-1\"><input type=\"checkbox\" id=\"wpforms-5449-field_13_3\" name=\"wpforms[fields][13][]\" value=\"Cheval\" aria-errormessage=\"wpforms-5449-field_13_3-error\"  ><label class=\"wpforms-field-label-inline\" for=\"wpforms-5449-field_13_3\">Cheval<\/label><\/li><li class=\"choice-4 depth-1\"><input type=\"checkbox\" id=\"wpforms-5449-field_13_4\" name=\"wpforms[fields][13][]\" value=\"VTT\" aria-errormessage=\"wpforms-5449-field_13_4-error\"  ><label class=\"wpforms-field-label-inline\" for=\"wpforms-5449-field_13_4\">VTT<\/label><\/li><li class=\"choice-5 depth-1\"><input type=\"checkbox\" id=\"wpforms-5449-field_13_5\" name=\"wpforms[fields][13][]\" value=\"V\u00e9hicule\" aria-errormessage=\"wpforms-5449-field_13_5-error\"  ><label class=\"wpforms-field-label-inline\" for=\"wpforms-5449-field_13_5\">V\u00e9hicule<\/label><\/li><\/ul><\/fieldset><\/div><div id=\"wpforms-5449-field_22-container\" class=\"wpforms-field wpforms-field-divider\" data-field-id=\"22\"><h3 id=\"wpforms-5449-field_22\" aria-errormessage=\"wpforms-5449-field_22-error\">Demande sp\u00e9ciale\/commentaire<\/h3><\/div><div id=\"wpforms-5449-field_21-container\" class=\"wpforms-field wpforms-field-textarea\" data-field-id=\"21\"><label class=\"wpforms-field-label wpforms-label-hide\" for=\"wpforms-5449-field_21\" aria-hidden=\"false\">Demande sp\u00e9ciale\/commentaire<\/label><textarea id=\"wpforms-5449-field_21\" class=\"wpforms-field-medium\" name=\"wpforms[fields][21]\" aria-errormessage=\"wpforms-5449-field_21-error\" ><\/textarea><\/div><script>\n\t\t\t\t( function() {\n\t\t\t\t\tconst style = document.createElement( 'style' );\n\t\t\t\t\tstyle.appendChild( document.createTextNode( '#wpforms-5449-field_4-container { position: absolute !important; overflow: hidden !important; display: inline !important; height: 1px !important; width: 1px !important; z-index: -1000 !important; padding: 0 !important; } #wpforms-5449-field_4-container input { visibility: hidden; } #wpforms-conversational-form-page #wpforms-5449-field_4-container label { counter-increment: none; }' ) );\n\t\t\t\t\tdocument.head.appendChild( style );\n\t\t\t\t\tdocument.currentScript?.remove();\n\t\t\t\t} )();\n\t\t\t<\/script><\/div><!-- .wpforms-field-container --><div class=\"wpforms-submit-container\" ><input type=\"hidden\" name=\"wpforms[id]\" value=\"5449\"><input type=\"hidden\" name=\"page_title\" value=\"\"><input type=\"hidden\" name=\"page_url\" value=\"http:\/\/www.salmon-festival.com\/fr\/wp-json\/wp\/v2\/pages\/5522\"><input type=\"hidden\" name=\"url_referer\" value=\"\"><button type=\"submit\" name=\"wpforms[submit]\" id=\"wpforms-submit-5449\" class=\"wpforms-submit\" data-alt-text=\"Envoi...\" data-submit-text=\"Soumettre\" aria-live=\"assertive\" value=\"wpforms-submit\">Soumettre<\/button><img decoding=\"async\" src=\"http:\/\/www.salmon-festival.com\/wp-content\/plugins\/wpforms\/assets\/images\/submit-spin.svg\" class=\"wpforms-submit-spinner\" style=\"display: none;\" width=\"26\" height=\"26\" alt=\"Chargement en cours\"><\/div><\/form><\/div>  <!-- .wpforms-container -->\t\t\t\t<\/div>\n\t\t\t\t<\/div>\n\t\t\t\t\t<\/div>\n\t\t\t\t<\/div>\n\t\t\t\t<\/div>\n\t\t","protected":false},"excerpt":{"rendered":"<p>Please enable JavaScript in your browser to complete this form.Please enable JavaScript in your browser to complete this form. Parade Sign Up Name of Organization\/Business *Contact Name *PhoneEmail * Float Float Commercial Non-Commercial Mascot No Mascot With Music Without Music Description of the float General General Band Dance Horse ATV Vehicle Special Request\/Comment Special Request\/Comment [&hellip;]<\/p>\n","protected":false},"author":4,"featured_media":0,"parent":4291,"menu_order":0,"comment_status":"closed","ping_status":"closed","template":"","meta":{"_acf_changed":false,"ngg_post_thumbnail":0,"footnotes":"","_links_to":"","_links_to_target":""},"class_list":["post-5522","page","type-page","status-publish","hentry"],"acf":[],"jetpack_sharing_enabled":true,"_links":{"self":[{"href":"http:\/\/www.salmon-festival.com\/fr\/wp-json\/wp\/v2\/pages\/5522","targetHints":{"allow":["GET"]}}],"collection":[{"href":"http:\/\/www.salmon-festival.com\/fr\/wp-json\/wp\/v2\/pages"}],"about":[{"href":"http:\/\/www.salmon-festival.com\/fr\/wp-json\/wp\/v2\/types\/page"}],"author":[{"embeddable":true,"href":"http:\/\/www.salmon-festival.com\/fr\/wp-json\/wp\/v2\/users\/4"}],"replies":[{"embeddable":true,"href":"http:\/\/www.salmon-festival.com\/fr\/wp-json\/wp\/v2\/comments?post=5522"}],"version-history":[{"count":2,"href":"http:\/\/www.salmon-festival.com\/fr\/wp-json\/wp\/v2\/pages\/5522\/revisions"}],"predecessor-version":[{"id":5534,"href":"http:\/\/www.salmon-festival.com\/fr\/wp-json\/wp\/v2\/pages\/5522\/revisions\/5534"}],"up":[{"embeddable":true,"href":"http:\/\/www.salmon-festival.com\/fr\/wp-json\/wp\/v2\/pages\/4291"}],"wp:attachment":[{"href":"http:\/\/www.salmon-festival.com\/fr\/wp-json\/wp\/v2\/media?parent=5522"}],"curies":[{"name":"wp","href":"https:\/\/api.w.org\/{rel}","templated":true}]}}